{"id":11,"date":"2026-04-04T13:23:21","date_gmt":"2026-04-04T11:23:21","guid":{"rendered":"https:\/\/www.operatech.fr\/?page_id=11"},"modified":"2026-04-04T15:36:27","modified_gmt":"2026-04-04T13:36:27","slug":"bienvenue","status":"publish","type":"page","link":"https:\/\/www.operatech.fr\/","title":{"rendered":"Bienvenue"},"content":{"rendered":"\n<hr class=\"wp-block-separator has-alpha-channel-opacity\"\/>\n\n\n\n<h2 class=\"wp-block-heading\">Operatech, des produits innovants et du service<\/h2>\n\n\n\n<div class=\"wp-block-columns is-layout-flex wp-container-core-columns-is-layout-28f84493 wp-block-columns-is-layout-flex\">\n<div class=\"wp-block-column is-layout-flow wp-block-column-is-layout-flow\">\n<h3 class=\"wp-block-heading\" id=\"h.4kvpbhpajjtw_l\">Conception et fabrication<\/h3>\n\n\n\n<p>-Moyens s\u00fbret\u00e9<\/p>\n\n\n\n<p>-Syst\u00e8mes de communication<\/p>\n\n\n\n<p>-G\u00e9otechnologies<\/p>\n\n\n\n<p>-Moyens intelligence<\/p>\n<\/div>\n\n\n\n<div class=\"wp-block-column is-layout-flow wp-block-column-is-layout-flow\">\n<h3 class=\"wp-block-heading\" id=\"h.klc51sjrrco1_l\">Conseil et soutien technique<\/h3>\n\n\n\n<p>-Evaluations techniques<\/p>\n\n\n\n<p>-Soutien technique&nbsp;<\/p>\n\n\n\n<p>-Fabrications sur mesure<\/p>\n\n\n\n<p>-S\u00e9curit\u00e9 informatique et infrastructure<\/p>\n<\/div>\n<\/div>\n\n\n\n<figure class=\"wp-block-gallery has-nested-images columns-default is-cropped wp-block-gallery-1 is-layout-flex wp-block-gallery-is-layout-flex\">\n<figure class=\"wp-block-image size-large\"><img loading=\"lazy\" decoding=\"async\" width=\"1024\" height=\"1024\" data-id=\"13\" src=\"https:\/\/www.operatech.fr\/wp-content\/uploads\/2026\/04\/SnapInsta.to_584306690_17868683469474099_2827571558276879158_n-1024x1024.webp\" alt=\"\" class=\"wp-image-13\" srcset=\"https:\/\/www.operatech.fr\/wp-content\/uploads\/2026\/04\/SnapInsta.to_584306690_17868683469474099_2827571558276879158_n-1024x1024.webp 1024w, https:\/\/www.operatech.fr\/wp-content\/uploads\/2026\/04\/SnapInsta.to_584306690_17868683469474099_2827571558276879158_n-300x300.webp 300w, https:\/\/www.operatech.fr\/wp-content\/uploads\/2026\/04\/SnapInsta.to_584306690_17868683469474099_2827571558276879158_n-150x150.webp 150w, https:\/\/www.operatech.fr\/wp-content\/uploads\/2026\/04\/SnapInsta.to_584306690_17868683469474099_2827571558276879158_n-768x768.webp 768w, https:\/\/www.operatech.fr\/wp-content\/uploads\/2026\/04\/SnapInsta.to_584306690_17868683469474099_2827571558276879158_n.webp 1080w\" sizes=\"auto, (max-width: 1024px) 100vw, 1024px\" \/><\/figure>\n\n\n\n<figure class=\"wp-block-image size-large\"><img loading=\"lazy\" decoding=\"async\" width=\"768\" height=\"1024\" data-id=\"14\" src=\"https:\/\/www.operatech.fr\/wp-content\/uploads\/2026\/04\/SnapInsta.to_621444819_17876022171474099_9020246193392507595_n-768x1024.webp\" alt=\"\" class=\"wp-image-14\" srcset=\"https:\/\/www.operatech.fr\/wp-content\/uploads\/2026\/04\/SnapInsta.to_621444819_17876022171474099_9020246193392507595_n-768x1024.webp 768w, https:\/\/www.operatech.fr\/wp-content\/uploads\/2026\/04\/SnapInsta.to_621444819_17876022171474099_9020246193392507595_n-225x300.webp 225w, https:\/\/www.operatech.fr\/wp-content\/uploads\/2026\/04\/SnapInsta.to_621444819_17876022171474099_9020246193392507595_n.webp 1080w\" sizes=\"auto, (max-width: 768px) 100vw, 768px\" \/><\/figure>\n\n\n\n<figure class=\"wp-block-image size-large\"><img loading=\"lazy\" decoding=\"async\" width=\"1024\" height=\"682\" data-id=\"15\" src=\"https:\/\/www.operatech.fr\/wp-content\/uploads\/2026\/04\/ok3-1024x682.jpg\" alt=\"\" class=\"wp-image-15\" srcset=\"https:\/\/www.operatech.fr\/wp-content\/uploads\/2026\/04\/ok3-1024x682.jpg 1024w, https:\/\/www.operatech.fr\/wp-content\/uploads\/2026\/04\/ok3-300x200.jpg 300w, https:\/\/www.operatech.fr\/wp-content\/uploads\/2026\/04\/ok3-768x511.jpg 768w\" sizes=\"auto, (max-width: 1024px) 100vw, 1024px\" \/><\/figure>\n\n\n\n<figure class=\"wp-block-image size-large\"><img loading=\"lazy\" decoding=\"async\" width=\"1024\" height=\"672\" data-id=\"16\" src=\"https:\/\/www.operatech.fr\/wp-content\/uploads\/2026\/04\/ok2-1024x672.jpg\" alt=\"\" class=\"wp-image-16\" srcset=\"https:\/\/www.operatech.fr\/wp-content\/uploads\/2026\/04\/ok2-1024x672.jpg 1024w, https:\/\/www.operatech.fr\/wp-content\/uploads\/2026\/04\/ok2-300x197.jpg 300w, https:\/\/www.operatech.fr\/wp-content\/uploads\/2026\/04\/ok2-768x504.jpg 768w, https:\/\/www.operatech.fr\/wp-content\/uploads\/2026\/04\/ok2-1536x1008.jpg 1536w, https:\/\/www.operatech.fr\/wp-content\/uploads\/2026\/04\/ok2-2048x1344.jpg 2048w\" sizes=\"auto, (max-width: 1024px) 100vw, 1024px\" \/><\/figure>\n\n\n\n<figure class=\"wp-block-image size-large\"><img loading=\"lazy\" decoding=\"async\" width=\"1024\" height=\"682\" data-id=\"17\" src=\"https:\/\/www.operatech.fr\/wp-content\/uploads\/2026\/04\/ok2-1-1024x682.jpg\" alt=\"\" class=\"wp-image-17\" srcset=\"https:\/\/www.operatech.fr\/wp-content\/uploads\/2026\/04\/ok2-1-1024x682.jpg 1024w, https:\/\/www.operatech.fr\/wp-content\/uploads\/2026\/04\/ok2-1-300x200.jpg 300w, https:\/\/www.operatech.fr\/wp-content\/uploads\/2026\/04\/ok2-1-768x511.jpg 768w, https:\/\/www.operatech.fr\/wp-content\/uploads\/2026\/04\/ok2-1-1536x1022.jpg 1536w, https:\/\/www.operatech.fr\/wp-content\/uploads\/2026\/04\/ok2-1-2048x1363.jpg 2048w\" sizes=\"auto, (max-width: 1024px) 100vw, 1024px\" \/><\/figure>\n\n\n\n<figure class=\"wp-block-image size-large\"><img loading=\"lazy\" decoding=\"async\" width=\"1024\" height=\"683\" data-id=\"18\" src=\"https:\/\/www.operatech.fr\/wp-content\/uploads\/2026\/04\/ok-1024x683.png\" alt=\"\" class=\"wp-image-18\" srcset=\"https:\/\/www.operatech.fr\/wp-content\/uploads\/2026\/04\/ok-1024x683.png 1024w, https:\/\/www.operatech.fr\/wp-content\/uploads\/2026\/04\/ok-300x200.png 300w, https:\/\/www.operatech.fr\/wp-content\/uploads\/2026\/04\/ok-768x512.png 768w, https:\/\/www.operatech.fr\/wp-content\/uploads\/2026\/04\/ok.png 1536w\" sizes=\"auto, (max-width: 1024px) 100vw, 1024px\" \/><\/figure>\n\n\n\n<figure class=\"wp-block-image size-large\"><img loading=\"lazy\" decoding=\"async\" width=\"1024\" height=\"681\" data-id=\"19\" src=\"https:\/\/www.operatech.fr\/wp-content\/uploads\/2026\/04\/krios-1024x681.png\" alt=\"\" class=\"wp-image-19\" srcset=\"https:\/\/www.operatech.fr\/wp-content\/uploads\/2026\/04\/krios-1024x681.png 1024w, https:\/\/www.operatech.fr\/wp-content\/uploads\/2026\/04\/krios-300x200.png 300w, https:\/\/www.operatech.fr\/wp-content\/uploads\/2026\/04\/krios-768x511.png 768w, https:\/\/www.operatech.fr\/wp-content\/uploads\/2026\/04\/krios.png 1264w\" sizes=\"auto, (max-width: 1024px) 100vw, 1024px\" \/><\/figure>\n<\/figure>\n\n\n\n<hr class=\"wp-block-separator has-alpha-channel-opacity\"\/>\n\n\n\n<h2 class=\"wp-block-heading\">Pr\u00e9sentation de l&#8217;activit\u00e9<\/h2>\n\n\n\n<div data-wp-interactive=\"core\/file\" class=\"wp-block-file aligncenter\"><object data-wp-bind--hidden=\"!state.hasPdfPreview\" hidden class=\"wp-block-file__embed\" data=\"https:\/\/www.operatech.fr\/wp-content\/uploads\/2026\/04\/9e3ecc6c-600f-464d-9487-d3f6be2f2e8b.pdf\" type=\"application\/pdf\" style=\"width:100%;height:600px\" aria-label=\"PDF embarqu\u00e9\"><\/object><a href=\"https:\/\/www.operatech.fr\/wp-content\/uploads\/2026\/04\/9e3ecc6c-600f-464d-9487-d3f6be2f2e8b.pdf\" class=\"wp-block-file__button wp-element-button\" download>T\u00e9l\u00e9charger<\/a><\/div>\n\n\n\n<hr class=\"wp-block-separator has-alpha-channel-opacity\"\/>\n\n\n\n<div class=\"wp-block-buttons is-content-justification-center is-layout-flex wp-container-core-buttons-is-layout-a89b3969 wp-block-buttons-is-layout-flex\">\n<div class=\"wp-block-button\"><a class=\"wp-block-button__link wp-element-button\" href=\"https:\/\/www.operatech.fr\/index.php\/nous-contacter\/\">Nous contacter<\/a><\/div>\n<\/div>\n\n\n\n<p><\/p>\n","protected":false},"excerpt":{"rendered":"<p>Operatech, des produits innovants et du service Conception et fabrication -Moyens s\u00fbret\u00e9 -Syst\u00e8mes de communication -G\u00e9otechnologies -Moyens intelligence Conseil et soutien technique -Evaluations techniques -Soutien technique&nbsp; -Fabrications sur mesure -S\u00e9curit\u00e9 informatique et infrastructure Pr\u00e9sentation de l&#8217;activit\u00e9<\/p>\n","protected":false},"author":1,"featured_media":0,"parent":0,"menu_order":0,"comment_status":"closed","ping_status":"closed","template":"","meta":{"footnotes":""},"class_list":["post-11","page","type-page","status-publish","hentry"],"_links":{"self":[{"href":"https:\/\/www.operatech.fr\/index.php\/wp-json\/wp\/v2\/pages\/11","targetHints":{"allow":["GET"]}}],"collection":[{"href":"https:\/\/www.operatech.fr\/index.php\/wp-json\/wp\/v2\/pages"}],"about":[{"href":"https:\/\/www.operatech.fr\/index.php\/wp-json\/wp\/v2\/types\/page"}],"author":[{"embeddable":true,"href":"https:\/\/www.operatech.fr\/index.php\/wp-json\/wp\/v2\/users\/1"}],"replies":[{"embeddable":true,"href":"https:\/\/www.operatech.fr\/index.php\/wp-json\/wp\/v2\/comments?post=11"}],"version-history":[{"count":4,"href":"https:\/\/www.operatech.fr\/index.php\/wp-json\/wp\/v2\/pages\/11\/revisions"}],"predecessor-version":[{"id":90,"href":"https:\/\/www.operatech.fr\/index.php\/wp-json\/wp\/v2\/pages\/11\/revisions\/90"}],"wp:attachment":[{"href":"https:\/\/www.operatech.fr\/index.php\/wp-json\/wp\/v2\/media?parent=11"}],"curies":[{"name":"wp","href":"https:\/\/api.w.org\/{rel}","templated":true}]}}